{"id":2611,"date":"2019-03-29T11:44:27","date_gmt":"2019-03-29T11:44:27","guid":{"rendered":"https:\/\/nordaid.eu\/?page_id=2611"},"modified":"2021-06-28T10:56:03","modified_gmt":"2021-06-28T10:56:03","slug":"muugikohad","status":"publish","type":"page","link":"https:\/\/nordaid.eu\/et\/muugikohad\/","title":{"rendered":"M\u00fc\u00fcgikohad"},"content":{"rendered":"<p>Nordaid m\u00fc\u00fcb oma tooteid kahek\u00fcmne \u00fcheksas riigis ning m\u00fc\u00fcgiv\u00f5rgustik laieneb pidavalt.<\/p>\n<script language='javascript' type='text\/javascript'>function getWR360License(){return '\/wp-content\/plugins\/webrotate-360-product-viewer\/360_assets\/roheline2\/published\/license.lic';}function getWR360PopupSkin(){return 'pp_default';}function getWR360GraphicsPath(){return 'https:\/\/nordaid.eu\/wp-content\/plugins\/webrotate-360-product-viewer\/imagerotator\/html\/img\/basic';}<\/script>","protected":false},"excerpt":{"rendered":"<p>Nordaid m\u00fc\u00fcb oma tooteid kahek\u00fcmne \u00fcheksas riigis ning m\u00fc\u00fcgiv\u00f5rgustik laieneb pidavalt.<\/p>\n","protected":false},"author":1,"featured_media":0,"parent":0,"menu_order":0,"comment_status":"closed","ping_status":"closed","template":"selling_locations.php","meta":{"_acf_changed":false,"footnotes":""},"class_list":["post-2611","page","type-page","status-publish","hentry"],"acf":[],"aioseo_notices":[],"_links":{"self":[{"href":"https:\/\/nordaid.eu\/et\/wp-json\/wp\/v2\/pages\/2611","targetHints":{"allow":["GET"]}}],"collection":[{"href":"https:\/\/nordaid.eu\/et\/wp-json\/wp\/v2\/pages"}],"about":[{"href":"https:\/\/nordaid.eu\/et\/wp-json\/wp\/v2\/types\/page"}],"author":[{"embeddable":true,"href":"https:\/\/nordaid.eu\/et\/wp-json\/wp\/v2\/users\/1"}],"replies":[{"embeddable":true,"href":"https:\/\/nordaid.eu\/et\/wp-json\/wp\/v2\/comments?post=2611"}],"version-history":[{"count":4,"href":"https:\/\/nordaid.eu\/et\/wp-json\/wp\/v2\/pages\/2611\/revisions"}],"predecessor-version":[{"id":4327,"href":"https:\/\/nordaid.eu\/et\/wp-json\/wp\/v2\/pages\/2611\/revisions\/4327"}],"wp:attachment":[{"href":"https:\/\/nordaid.eu\/et\/wp-json\/wp\/v2\/media?parent=2611"}],"curies":[{"name":"wp","href":"https:\/\/api.w.org\/{rel}","templated":true}]}}