{"id":2967,"date":"2019-08-02T08:14:59","date_gmt":"2019-08-02T08:14:59","guid":{"rendered":"https:\/\/nordaid.eu\/?page_id=2967"},"modified":"2019-09-30T12:23:52","modified_gmt":"2019-09-30T12:23:52","slug":"kampaania","status":"publish","type":"page","link":"https:\/\/nordaid.eu\/et\/kampaania\/","title":{"rendered":"Kas stressis ja v\u00e4sinud?"},"content":{"rendered":"<p>Nordaid B-vitamiinide spreid t\u00f5stavad energiataset, parandavad m\u00e4lu ja v\u00e4hendavad stressi.<\/p>\n<script language='javascript' type='text\/javascript'>function getWR360License(){return '\/wp-content\/plugins\/webrotate-360-product-viewer\/360_assets\/roheline2\/published\/license.lic';}function getWR360PopupSkin(){return 'pp_default';}function getWR360GraphicsPath(){return 'https:\/\/nordaid.eu\/wp-content\/plugins\/webrotate-360-product-viewer\/imagerotator\/html\/img\/basic';}<\/script>","protected":false},"excerpt":{"rendered":"<p>Nordaid B-vitamiinide spreid t\u00f5stavad energiataset, parandavad m\u00e4lu ja v\u00e4hendavad stressi.<\/p>\n","protected":false},"author":1,"featured_media":0,"parent":0,"menu_order":0,"comment_status":"closed","ping_status":"closed","template":"kampaania.php","meta":{"_acf_changed":false,"footnotes":""},"class_list":["post-2967","page","type-page","status-publish","hentry"],"acf":[],"aioseo_notices":[],"_links":{"self":[{"href":"https:\/\/nordaid.eu\/et\/wp-json\/wp\/v2\/pages\/2967","targetHints":{"allow":["GET"]}}],"collection":[{"href":"https:\/\/nordaid.eu\/et\/wp-json\/wp\/v2\/pages"}],"about":[{"href":"https:\/\/nordaid.eu\/et\/wp-json\/wp\/v2\/types\/page"}],"author":[{"embeddable":true,"href":"https:\/\/nordaid.eu\/et\/wp-json\/wp\/v2\/users\/1"}],"replies":[{"embeddable":true,"href":"https:\/\/nordaid.eu\/et\/wp-json\/wp\/v2\/comments?post=2967"}],"version-history":[{"count":12,"href":"https:\/\/nordaid.eu\/et\/wp-json\/wp\/v2\/pages\/2967\/revisions"}],"predecessor-version":[{"id":3036,"href":"https:\/\/nordaid.eu\/et\/wp-json\/wp\/v2\/pages\/2967\/revisions\/3036"}],"wp:attachment":[{"href":"https:\/\/nordaid.eu\/et\/wp-json\/wp\/v2\/media?parent=2967"}],"curies":[{"name":"wp","href":"https:\/\/api.w.org\/{rel}","templated":true}]}}