{"id":3363,"date":"2019-10-29T15:21:32","date_gmt":"2019-10-29T15:21:32","guid":{"rendered":"https:\/\/nordaid.eu\/?page_id=3363"},"modified":"2020-12-31T01:07:47","modified_gmt":"2020-12-31T01:07:47","slug":"c-vitamiinid","status":"publish","type":"page","link":"https:\/\/nordaid.eu\/et\/c-vitamiinid\/","title":{"rendered":"Hakkad haigeks j\u00e4\u00e4ma?"},"content":{"rendered":"<p>Liposoomne C-vitamiin on t\u00f5hus abi viirushaiguste korral, annab energiat ega p\u00f5hjusta seedeh\u00e4ireid.<\/p>\n<script language='javascript' type='text\/javascript'>function getWR360License(){return '\/wp-content\/plugins\/webrotate-360-product-viewer\/360_assets\/roheline2\/published\/license.lic';}function getWR360PopupSkin(){return 'pp_default';}function getWR360GraphicsPath(){return 'https:\/\/nordaid.eu\/wp-content\/plugins\/webrotate-360-product-viewer\/imagerotator\/html\/img\/basic';}<\/script>","protected":false},"excerpt":{"rendered":"<p>Liposoomne C-vitamiin on t\u00f5hus abi viirushaiguste korral, annab energiat ega p\u00f5hjusta seedeh\u00e4ireid.<\/p>\n","protected":false},"author":2,"featured_media":0,"parent":0,"menu_order":0,"comment_status":"closed","ping_status":"closed","template":"kampaania3.php","meta":{"_acf_changed":false,"footnotes":""},"class_list":["post-3363","page","type-page","status-publish","hentry"],"acf":[],"aioseo_notices":[],"_links":{"self":[{"href":"https:\/\/nordaid.eu\/et\/wp-json\/wp\/v2\/pages\/3363","targetHints":{"allow":["GET"]}}],"collection":[{"href":"https:\/\/nordaid.eu\/et\/wp-json\/wp\/v2\/pages"}],"about":[{"href":"https:\/\/nordaid.eu\/et\/wp-json\/wp\/v2\/types\/page"}],"author":[{"embeddable":true,"href":"https:\/\/nordaid.eu\/et\/wp-json\/wp\/v2\/users\/2"}],"replies":[{"embeddable":true,"href":"https:\/\/nordaid.eu\/et\/wp-json\/wp\/v2\/comments?post=3363"}],"version-history":[{"count":72,"href":"https:\/\/nordaid.eu\/et\/wp-json\/wp\/v2\/pages\/3363\/revisions"}],"predecessor-version":[{"id":3652,"href":"https:\/\/nordaid.eu\/et\/wp-json\/wp\/v2\/pages\/3363\/revisions\/3652"}],"wp:attachment":[{"href":"https:\/\/nordaid.eu\/et\/wp-json\/wp\/v2\/media?parent=3363"}],"curies":[{"name":"wp","href":"https:\/\/api.w.org\/{rel}","templated":true}]}}