{"id":5071,"date":"2022-02-02T15:53:05","date_gmt":"2022-02-02T15:53:05","guid":{"rendered":"https:\/\/nordaid.eu\/?page_id=5071"},"modified":"2024-09-10T07:30:38","modified_gmt":"2024-09-10T07:30:38","slug":"arendusprogrammi-projekt","status":"publish","type":"page","link":"https:\/\/nordaid.eu\/et\/arendusprogrammi-projekt\/","title":{"rendered":"Arendusprogrammi projekt"},"content":{"rendered":"\n<p>Nordaid O\u00dc arenguprogrammiga toetatakse arendustegevusi ja v\u00f5imekusi, millega saame tuua turule uusi konkurentsiv\u00f5imelisi tooteid, mis aitavad v\u00e4\u00e4rindada kohalikku toorainet.<\/p>\n\n\n\n<p>Projekti on kaasrahastanud Euroopa Liit \u00fchtekuuluvus- ja siseturvalisuspoliitika fondidest 485 277 euroga.<\/p>\n\n\n\n<figure class=\"wp-block-image size-full is-resized\"><img loading=\"lazy\" decoding=\"async\" width=\"579\" height=\"338\" src=\"https:\/\/nordaid.eu\/wp-content\/uploads\/2024\/09\/image001.png\" alt=\"\" class=\"wp-image-8540\" style=\"width:268px;height:auto\" srcset=\"https:\/\/nordaid.eu\/wp-content\/uploads\/2024\/09\/image001.png 579w, https:\/\/nordaid.eu\/wp-content\/uploads\/2024\/09\/image001-300x175.png 300w\" sizes=\"auto, (max-width: 579px) 100vw, 579px\" \/><\/figure>\n<script language='javascript' type='text\/javascript'>function getWR360License(){return '\/wp-content\/plugins\/webrotate-360-product-viewer\/360_assets\/roheline2\/published\/license.lic';}function getWR360PopupSkin(){return 'pp_default';}function getWR360GraphicsPath(){return 'https:\/\/nordaid.eu\/wp-content\/plugins\/webrotate-360-product-viewer\/imagerotator\/html\/img\/basic';}<\/script>","protected":false},"excerpt":{"rendered":"<p>Nordaid O\u00dc arenguprogrammiga toetatakse arendustegevusi ja v\u00f5imekusi, millega saame tuua turule uusi konkurentsiv\u00f5imelisi tooteid, mis aitavad v\u00e4\u00e4rindada kohalikku toorainet. Projekti on kaasrahastanud Euroopa Liit \u00fchtekuuluvus- ja siseturvalisuspoliitika fondidest 485 277 euroga.<\/p>\n","protected":false},"author":12,"featured_media":0,"parent":0,"menu_order":0,"comment_status":"closed","ping_status":"closed","template":"development_program_project.php","meta":{"_acf_changed":false,"footnotes":""},"class_list":["post-5071","page","type-page","status-publish","hentry"],"acf":[],"aioseo_notices":[],"_links":{"self":[{"href":"https:\/\/nordaid.eu\/et\/wp-json\/wp\/v2\/pages\/5071","targetHints":{"allow":["GET"]}}],"collection":[{"href":"https:\/\/nordaid.eu\/et\/wp-json\/wp\/v2\/pages"}],"about":[{"href":"https:\/\/nordaid.eu\/et\/wp-json\/wp\/v2\/types\/page"}],"author":[{"embeddable":true,"href":"https:\/\/nordaid.eu\/et\/wp-json\/wp\/v2\/users\/12"}],"replies":[{"embeddable":true,"href":"https:\/\/nordaid.eu\/et\/wp-json\/wp\/v2\/comments?post=5071"}],"version-history":[{"count":11,"href":"https:\/\/nordaid.eu\/et\/wp-json\/wp\/v2\/pages\/5071\/revisions"}],"predecessor-version":[{"id":8573,"href":"https:\/\/nordaid.eu\/et\/wp-json\/wp\/v2\/pages\/5071\/revisions\/8573"}],"wp:attachment":[{"href":"https:\/\/nordaid.eu\/et\/wp-json\/wp\/v2\/media?parent=5071"}],"curies":[{"name":"wp","href":"https:\/\/api.w.org\/{rel}","templated":true}]}}