{"id":731,"date":"2017-04-13T10:02:05","date_gmt":"2017-04-13T10:02:05","guid":{"rendered":"https:\/\/nordaid.eu\/?page_id=731"},"modified":"2026-01-14T10:33:34","modified_gmt":"2026-01-14T10:33:34","slug":"hulgimuujatele","status":"publish","type":"page","link":"https:\/\/nordaid.eu\/et\/hulgimuujatele\/","title":{"rendered":"Distribuutoritele"},"content":{"rendered":"<h2>Distribuutoritele<\/h2>\n<div class=\"headline-underline\">\u00a0<\/div>\n<p>Me areneme ja kasvame pidevalt ning otsime endale edasim\u00fc\u00fcjaid erinevatest paikadest \u00fcle maailma. Kui Sina soovid ka saada osa Nordaidi perest, siis palun v\u00f5ta meiega \u00fchendust t\u00e4ites \u00e4ra kontaktivormi.<br \/><!--\n\n\n\n\n\n\n\n\n\n\n<ul>\n \t\n\n\n\n\n\n\n\n\n\n<li>Norway<\/li>\n\n\n\n\n\n\n\n\n\n\n \t\n\n\n\n\n\n\n\n\n\n<li>Denmark<\/li>\n\n\n\n\n\n\n\n\n\n\n \t\n\n\n\n\n\n\n\n\n\n<li>Italy<\/li>\n\n\n\n\n\n\n\n\n\n\n \t\n\n\n\n\n\n\n\n\n\n<li>France<\/li>\n\n\n\n\n\n\n\n\n\n\n<\/ul>\n\n\n\n\n\n\n\n\n\n\n&nbsp;\n\n\n\n\n\n\n\n\n\n\n<h2>Current partners<\/h2>\n\n\n\n\n\n\n\n\n\n\n\n\n\n\n\n\n\n\n\n\n<div class=\"headline-underline\"><\/div>\n\n\n\n\n\n\n\n\n\n\nLorem ipsum dolor sit amet, consectetuer adipiscing elit, sed diam nonummy nibh euismod tincidunt ut laoreet dolore magna aliquam erat volutpat. Ut wisi enim ad minim veniam, quis nostrud exerci tation ullamcorper suscipit lobortis nisl ut aliquip ex ea commodo consequat.\n\n&nbsp;\n\n<img loading=\"lazy\" decoding=\"async\" class=\"alignnone size-full wp-image-19\" src=\"https:\/\/nordaid.eu\/wp-content\/uploads\/2015\/09\/benu-logo11.png\" alt=\"benu-logo11\" width=\"227\" height=\"35\" \/>\n\n&nbsp;\n\n<img loading=\"lazy\" decoding=\"async\" class=\"alignnone size-full wp-image-20\" src=\"https:\/\/nordaid.eu\/wp-content\/uploads\/2015\/09\/sydameapteek.png\" alt=\"sydameapteek\" width=\"171\" height=\"45\" \/>\n\n&nbsp;\n\n<img loading=\"lazy\" decoding=\"async\" class=\"alignnone size-full wp-image-21\" src=\"https:\/\/nordaid.eu\/wp-content\/uploads\/2015\/09\/ylikooli-apteek.png\" alt=\"ylikooli-apteek\" width=\"144\" height=\"59\" \/>  --><\/p>\n\n\n<p><\/p>\n<script language='javascript' type='text\/javascript'>function getWR360License(){return '\/wp-content\/plugins\/webrotate-360-product-viewer\/360_assets\/roheline2\/published\/license.lic';}function getWR360PopupSkin(){return 'pp_default';}function getWR360GraphicsPath(){return 'https:\/\/nordaid.eu\/wp-content\/plugins\/webrotate-360-product-viewer\/imagerotator\/html\/img\/basic';}<\/script>","protected":false},"excerpt":{"rendered":"<p>Distribuutoritele \u00a0 Me areneme ja kasvame pidevalt ning otsime endale edasim\u00fc\u00fcjaid erinevatest paikadest \u00fcle maailma. Kui Sina soovid ka saada osa Nordaidi perest, siis palun v\u00f5ta meiega \u00fchendust t\u00e4ites \u00e4ra kontaktivormi.<\/p>\n","protected":false},"author":2,"featured_media":0,"parent":0,"menu_order":0,"comment_status":"closed","ping_status":"closed","template":"resellers.php","meta":{"_acf_changed":false,"footnotes":""},"class_list":["post-731","page","type-page","status-publish","hentry"],"acf":[],"aioseo_notices":[],"_links":{"self":[{"href":"https:\/\/nordaid.eu\/et\/wp-json\/wp\/v2\/pages\/731","targetHints":{"allow":["GET"]}}],"collection":[{"href":"https:\/\/nordaid.eu\/et\/wp-json\/wp\/v2\/pages"}],"about":[{"href":"https:\/\/nordaid.eu\/et\/wp-json\/wp\/v2\/types\/page"}],"author":[{"embeddable":true,"href":"https:\/\/nordaid.eu\/et\/wp-json\/wp\/v2\/users\/2"}],"replies":[{"embeddable":true,"href":"https:\/\/nordaid.eu\/et\/wp-json\/wp\/v2\/comments?post=731"}],"version-history":[{"count":27,"href":"https:\/\/nordaid.eu\/et\/wp-json\/wp\/v2\/pages\/731\/revisions"}],"predecessor-version":[{"id":9454,"href":"https:\/\/nordaid.eu\/et\/wp-json\/wp\/v2\/pages\/731\/revisions\/9454"}],"wp:attachment":[{"href":"https:\/\/nordaid.eu\/et\/wp-json\/wp\/v2\/media?parent=731"}],"curies":[{"name":"wp","href":"https:\/\/api.w.org\/{rel}","templated":true}]}}