{"id":7465,"date":"2023-06-20T07:47:18","date_gmt":"2023-06-20T07:47:18","guid":{"rendered":"https:\/\/nordaid.eu\/?page_id=7465"},"modified":"2025-09-22T07:25:58","modified_gmt":"2025-09-22T07:25:58","slug":"meie-tehas","status":"publish","type":"page","link":"https:\/\/nordaid.eu\/et\/meie-tehas\/","title":{"rendered":"Meie tehas"},"content":{"rendered":"\n<p>NORDAID on avanud<strong> uue t\u00e4isautomaatse tehase vedelate toidulisandite ja toitainete tootmiseks<\/strong>. Tehases on kaasaegsed ja kvaliteetsed tootmisrajatised, mis on <a href=\"https:\/\/nordaid.eu\/wp-content\/uploads\/2025\/09\/Nordaid_GMP_certificate_ESG_2024.pdf\" target=\"_blank\" rel=\"noopener\" title=\"\">GMP<\/a> ja <a href=\"https:\/\/nordaid.eu\/wp-content\/uploads\/2025\/09\/Nordaid_HACCP_certificate_ESG_2024-1.pdf\" target=\"_blank\" rel=\"noopener\" title=\"\">HACCP<\/a> sertifitseeritud:<\/p>\n\n\n\n<ul class=\"wp-block-list\">\n<li>Meie t\u00e4itmisliin suudab t\u00e4ita 1000-2500 pudelit tunnis, s\u00f5ltuvalt pudelite suurusest (kuni 500 ml).<\/li>\n\n\n\n<li>Toodete viskoossuse vahemik on lai, kuna toodetud vedelikud v\u00f5ivad olla nii suure viskoossusega nagu mesi.<\/li>\n\n\n\n<li>Segamisv\u00f5imsuse jaoks on meil mitu segamismahutit kogumahuga 1500l.<\/li>\n\n\n\n<li>Tootmiseks kasutame vaakumit, r\u00f5hku, homogeniseerimist ja temperatuure vahemikus 8-80 kraadi.<\/li>\n\n\n\n<li><strong>K\u00f5rgeim kvaliteedistandard&nbsp;<\/strong>\u2013 tootmine vastab rahvusvaheliselt tunnustatud hea tootmistava n\u00f5uetele.<\/li>\n\n\n\n<li>&nbsp;<strong>Pidev kontroll<\/strong>&nbsp;\u2013 kogu tootmisprotsess, alates toorainest kuni l\u00f5pptooteni, on rangelt j\u00e4lgitav ja dokumenteeritud.<\/li>\n\n\n\n<li><strong>J\u00e4lgitavus<\/strong>&nbsp;\u2013 iga partii on t\u00e4ielikult j\u00e4lgitav, et tagada l\u00e4bipaistvus ja usaldusv\u00e4\u00e4rsus.<\/li>\n\n\n\n<li><strong>Stabiilne kvaliteet<\/strong>&nbsp;\u2013 tooted vastavad iga kord samale k\u00f5rgele standardile.<\/li>\n\n\n\n<li><strong>Rahvusvaheline tunnustus<\/strong>&nbsp;\u2013 GMP sertifikaat on aktsepteeritud \u00fcle maailma, kinnitades meie vastavust globaalsetele normidele.<\/li>\n\n\n\n<li><strong>Kliendi usaldus<\/strong>&nbsp;\u2013 meie partnerid ja tarbijad v\u00f5ivad olla kindlad, et tooted on ohutud ja kvaliteetsed.<\/li>\n\n\n\n<li><strong>Professionaalne tootmiskeskkond<\/strong>&nbsp;\u2013 t\u00f6\u00f6tajate v\u00e4lja\u00f5pe, h\u00fcgieen ja seadmete puhtus vastavad rangeimatele n\u00f5uetele.<\/li>\n\n\n\n<li><strong>Innovatsiooni tugi<\/strong>&nbsp;\u2013 GMP raamistik v\u00f5imaldab meil tuua turule uusi tooteid kindlusega, et need on alati kontrollitud ja kvaliteetsed.<\/li>\n<\/ul>\n\n\n\n<p><\/p>\n\n\n\n<p><\/p>\n\n\n\n<p><\/p>\n<script language='javascript' type='text\/javascript'>function getWR360License(){return '\/wp-content\/plugins\/webrotate-360-product-viewer\/360_assets\/roheline2\/published\/license.lic';}function getWR360PopupSkin(){return 'pp_default';}function getWR360GraphicsPath(){return 'https:\/\/nordaid.eu\/wp-content\/plugins\/webrotate-360-product-viewer\/imagerotator\/html\/img\/basic';}<\/script>","protected":false},"excerpt":{"rendered":"<p>NORDAID on avanud uue t\u00e4isautomaatse tehase vedelate toidulisandite ja toitainete tootmiseks. Tehases on kaasaegsed ja kvaliteetsed tootmisrajatised, mis on GMP ja HACCP sertifitseeritud:<\/p>\n","protected":false},"author":12,"featured_media":0,"parent":0,"menu_order":0,"comment_status":"closed","ping_status":"closed","template":"our-factory.php","meta":{"_acf_changed":false,"footnotes":""},"class_list":["post-7465","page","type-page","status-publish","hentry"],"acf":[],"aioseo_notices":[],"_links":{"self":[{"href":"https:\/\/nordaid.eu\/et\/wp-json\/wp\/v2\/pages\/7465","targetHints":{"allow":["GET"]}}],"collection":[{"href":"https:\/\/nordaid.eu\/et\/wp-json\/wp\/v2\/pages"}],"about":[{"href":"https:\/\/nordaid.eu\/et\/wp-json\/wp\/v2\/types\/page"}],"author":[{"embeddable":true,"href":"https:\/\/nordaid.eu\/et\/wp-json\/wp\/v2\/users\/12"}],"replies":[{"embeddable":true,"href":"https:\/\/nordaid.eu\/et\/wp-json\/wp\/v2\/comments?post=7465"}],"version-history":[{"count":8,"href":"https:\/\/nordaid.eu\/et\/wp-json\/wp\/v2\/pages\/7465\/revisions"}],"predecessor-version":[{"id":8942,"href":"https:\/\/nordaid.eu\/et\/wp-json\/wp\/v2\/pages\/7465\/revisions\/8942"}],"wp:attachment":[{"href":"https:\/\/nordaid.eu\/et\/wp-json\/wp\/v2\/media?parent=7465"}],"curies":[{"name":"wp","href":"https:\/\/api.w.org\/{rel}","templated":true}]}}