{"id":1438,"date":"2018-02-05T11:25:47","date_gmt":"2018-02-05T11:25:47","guid":{"rendered":"https:\/\/nordaid.eu\/no\/?page_id=1438"},"modified":"2018-02-05T13:21:13","modified_gmt":"2018-02-05T13:21:13","slug":"forskning-og-utvikling","status":"publish","type":"page","link":"https:\/\/nordaid.eu\/no\/forskning-og-utvikling\/","title":{"rendered":"FORSKNING OG UTVIKLING"},"content":{"rendered":"<p>I 2016 s\u00f8kte vi om forskningsst\u00f8tte. Prosjektet v\u00e5rt ble godkjent og vi fikk finansiell st\u00f8tte av European Union Regional Development fund.<\/p>\n<p>V\u00e5rt m\u00e5l var \u00e5 finne ut om det var mulig \u00e5 fremstille en probiotisk gel med innhold av et visst antall mikroorganismer, og iverksette f\u00f8rste fase av utviklingen og produksjonen av et slikt produkt.<\/p>\n<p><img loading=\"lazy\" decoding=\"async\" class=\"wp-image-666 alignleft\" src=\"https:\/\/nordaid.eu\/wp-content\/uploads\/2017\/03\/EU_Regional_Development_Fund_horizontal-300x174.jpg\" alt=\"EU_Regional_Development_Fund_horizontal\" width=\"200\" height=\"116\" srcset=\"https:\/\/nordaid.eu\/wp-content\/uploads\/2017\/03\/EU_Regional_Development_Fund_horizontal-300x174.jpg 300w, https:\/\/nordaid.eu\/wp-content\/uploads\/2017\/03\/EU_Regional_Development_Fund_horizontal-1024x592.jpg 1024w, https:\/\/nordaid.eu\/wp-content\/uploads\/2017\/03\/EU_Regional_Development_Fund_horizontal-768x444.jpg 768w, https:\/\/nordaid.eu\/wp-content\/uploads\/2017\/03\/EU_Regional_Development_Fund_horizontal-1536x888.jpg 1536w, https:\/\/nordaid.eu\/wp-content\/uploads\/2017\/03\/EU_Regional_Development_Fund_horizontal-2048x1185.jpg 2048w\" sizes=\"auto, (max-width: 200px) 100vw, 200px\" \/><\/p>\n<script language='javascript' type='text\/javascript'>function getWR360License(){return '\/wp-content\/plugins\/webrotate-360-product-viewer\/360_assets\/roheline2\/published\/license.lic';}function getWR360PopupSkin(){return 'pp_default';}function getWR360GraphicsPath(){return 'https:\/\/nordaid.eu\/wp-content\/plugins\/webrotate-360-product-viewer\/imagerotator\/html\/img\/basic';}<\/script>","protected":false},"excerpt":{"rendered":"<p>I 2016 s\u00f8kte vi om forskningsst\u00f8tte. Prosjektet v\u00e5rt ble godkjent og vi fikk finansiell st\u00f8tte av European Union Regional Development fund. V\u00e5rt m\u00e5l var \u00e5 finne ut om det var mulig \u00e5 fremstille en probiotisk gel med innhold av et visst antall mikroorganismer, og iverksette f\u00f8rste fase av utviklingen og produksjonen av et slikt produkt.<\/p>\n","protected":false},"author":2,"featured_media":0,"parent":0,"menu_order":0,"comment_status":"closed","ping_status":"closed","template":"research.php","meta":{"_acf_changed":false,"footnotes":""},"class_list":["post-1438","page","type-page","status-publish","hentry"],"acf":[],"aioseo_notices":[],"_links":{"self":[{"href":"https:\/\/nordaid.eu\/no\/wp-json\/wp\/v2\/pages\/1438","targetHints":{"allow":["GET"]}}],"collection":[{"href":"https:\/\/nordaid.eu\/no\/wp-json\/wp\/v2\/pages"}],"about":[{"href":"https:\/\/nordaid.eu\/no\/wp-json\/wp\/v2\/types\/page"}],"author":[{"embeddable":true,"href":"https:\/\/nordaid.eu\/no\/wp-json\/wp\/v2\/users\/2"}],"replies":[{"embeddable":true,"href":"https:\/\/nordaid.eu\/no\/wp-json\/wp\/v2\/comments?post=1438"}],"version-history":[{"count":4,"href":"https:\/\/nordaid.eu\/no\/wp-json\/wp\/v2\/pages\/1438\/revisions"}],"predecessor-version":[{"id":1492,"href":"https:\/\/nordaid.eu\/no\/wp-json\/wp\/v2\/pages\/1438\/revisions\/1492"}],"wp:attachment":[{"href":"https:\/\/nordaid.eu\/no\/wp-json\/wp\/v2\/media?parent=1438"}],"curies":[{"name":"wp","href":"https:\/\/api.w.org\/{rel}","templated":true}]}}