{"id":1443,"date":"2018-02-05T11:28:30","date_gmt":"2018-02-05T11:28:30","guid":{"rendered":"https:\/\/nordaid.eu\/no\/?page_id=1443"},"modified":"2018-11-07T23:54:33","modified_gmt":"2018-11-07T23:54:33","slug":"om-oss","status":"publish","type":"page","link":"https:\/\/nordaid.eu\/no\/om-oss\/","title":{"rendered":"Om oss"},"content":{"rendered":"<p>V\u00e5rt m\u00e5l er \u00e5 gj\u00f8re verden til et sunnere sted. Vi brenner for naturlige, effektive produkter, som hjelper mennesker i det virkelige liv. Derfor er v\u00e5re produkter utviklet av de beste r\u00e5varene. Alle produktene er utviklet i samarbeid med forskere, noe som har hjulpet oss \u00e5 n\u00e5 v\u00e5re m\u00e5l.<\/p>\n<script language='javascript' type='text\/javascript'>function getWR360License(){return '\/wp-content\/plugins\/webrotate-360-product-viewer\/360_assets\/roheline2\/published\/license.lic';}function getWR360PopupSkin(){return 'pp_default';}function getWR360GraphicsPath(){return 'https:\/\/nordaid.eu\/wp-content\/plugins\/webrotate-360-product-viewer\/imagerotator\/html\/img\/basic';}<\/script>","protected":false},"excerpt":{"rendered":"<p>V\u00e5rt m\u00e5l er \u00e5 gj\u00f8re verden til et sunnere sted. Vi brenner for naturlige, effektive produkter, som hjelper mennesker i det virkelige liv. Derfor er v\u00e5re produkter utviklet av de beste r\u00e5varene. Alle produktene er utviklet i samarbeid med forskere, noe som har hjulpet oss \u00e5 n\u00e5 v\u00e5re m\u00e5l.<\/p>\n","protected":false},"author":2,"featured_media":0,"parent":0,"menu_order":0,"comment_status":"closed","ping_status":"closed","template":"about.php","meta":{"_acf_changed":false,"footnotes":""},"class_list":["post-1443","page","type-page","status-publish","hentry"],"acf":[],"aioseo_notices":[],"_links":{"self":[{"href":"https:\/\/nordaid.eu\/no\/wp-json\/wp\/v2\/pages\/1443","targetHints":{"allow":["GET"]}}],"collection":[{"href":"https:\/\/nordaid.eu\/no\/wp-json\/wp\/v2\/pages"}],"about":[{"href":"https:\/\/nordaid.eu\/no\/wp-json\/wp\/v2\/types\/page"}],"author":[{"embeddable":true,"href":"https:\/\/nordaid.eu\/no\/wp-json\/wp\/v2\/users\/2"}],"replies":[{"embeddable":true,"href":"https:\/\/nordaid.eu\/no\/wp-json\/wp\/v2\/comments?post=1443"}],"version-history":[{"count":3,"href":"https:\/\/nordaid.eu\/no\/wp-json\/wp\/v2\/pages\/1443\/revisions"}],"predecessor-version":[{"id":2116,"href":"https:\/\/nordaid.eu\/no\/wp-json\/wp\/v2\/pages\/1443\/revisions\/2116"}],"wp:attachment":[{"href":"https:\/\/nordaid.eu\/no\/wp-json\/wp\/v2\/media?parent=1443"}],"curies":[{"name":"wp","href":"https:\/\/api.w.org\/{rel}","templated":true}]}}